{"id":28148,"date":"2026-03-10T12:52:31","date_gmt":"2026-03-10T11:52:31","guid":{"rendered":"https:\/\/spanishinstitute.net\/proyectos\/con-acento\/"},"modified":"2026-03-13T14:43:06","modified_gmt":"2026-03-13T13:43:06","slug":"con-acento","status":"publish","type":"page","link":"https:\/\/spanishinstitute.net\/es\/proyectos-2\/con-acento\/","title":{"rendered":"Revista \u00abCon Acento\u00bb"},"content":{"rendered":"\t\t<div data-elementor-type=\"wp-page\" data-elementor-id=\"28148\" class=\"elementor elementor-28148 elementor-28143\" data-elementor-post-type=\"page\">\n\t\t\t\t\t\t<section data-particle_enable=\"false\" data-particle-mobile-disabled=\"false\" class=\"elementor-section elementor-top-section elementor-element elementor-element-de9e13a elementor-section-boxed elementor-section-height-default elementor-section-height-default\" data-id=\"de9e13a\" data-element_type=\"section\" data-e-type=\"section\">\n\t\t\t\t\t\t<div class=\"elementor-container elementor-column-gap-default\">\n\t\t\t\t\t<div class=\"elementor-column elementor-col-100 elementor-top-column elementor-element elementor-element-42bf894\" data-id=\"42bf894\" data-element_type=\"column\" data-e-type=\"column\">\n\t\t\t<div class=\"elementor-widget-wrap elementor-element-populated\">\n\t\t\t\t\t\t<div class=\"elementor-element elementor-element-10c326f elementor-widget elementor-widget-heading\" data-id=\"10c326f\" data-element_type=\"widget\" data-e-type=\"widget\" data-widget_type=\"heading.default\">\n\t\t\t\t\t<h2 class=\"elementor-heading-title elementor-size-default\">Revista \u201cCon Acento\u201d: Un puente entre voces<\/h2>\t\t\t\t<\/div>\n\t\t\t\t<div class=\"elementor-element elementor-element-298130b elementor-widget elementor-widget-text-editor\" data-id=\"298130b\" data-element_type=\"widget\" data-e-type=\"widget\" data-widget_type=\"text-editor.default\">\n\t\t\t\t\t\t\t\t\t<p><span style=\"font-weight: 400;\">En Spanish Institute for Global Education creemos que aprender espa\u00f1ol no es solo estudiar una lengua, sino <\/span><b>habitar una cultura, escuchar sus matices y participar en sus conversaciones reales<\/b><span style=\"font-weight: 400;\">.<\/span><\/p>\n<p><span style=\"font-weight: 400;\">Por eso nace nuestro proyecto de revista colaborativa \u201cCon Acento\u201d: una experiencia acad\u00e9mica y profesional que transforma a nuestros estudiantes en protagonistas activos del mundo hispanohablante.<\/span><\/p>\n<p><span style=\"font-weight: 400;\">No se trata solo de escribir art\u00edculos. Se trata de investigar, entrevistar, analizar la actualidad, comprender el contexto social y cultural de Espa\u00f1a y aportar una mirada propia. Nuestros estudiantes trabajan temas reales, dialogan con profesionales y publican contenidos que tienen impacto m\u00e1s all\u00e1 del aula.<\/span><\/p>\n<h3><span style=\"font-weight: 400;\">Este proyecto permite a los estudiantes:<\/span><\/h3>\n\t\t\t\t\t\t\t\t<\/div>\n\t\t\t\t\t<\/div>\n\t\t<\/div>\n\t\t\t\t\t<\/div>\n\t\t<\/section>\n\t\t\t\t<section data-particle_enable=\"false\" data-particle-mobile-disabled=\"false\" class=\"elementor-section elementor-top-section elementor-element elementor-element-e1943da elementor-section-boxed elementor-section-height-default elementor-section-height-default\" data-id=\"e1943da\" data-element_type=\"section\" data-e-type=\"section\">\n\t\t\t\t\t\t<div class=\"elementor-container elementor-column-gap-default\">\n\t\t\t\t\t<div class=\"elementor-column elementor-col-25 elementor-top-column elementor-element elementor-element-89bf2a4\" data-id=\"89bf2a4\" data-element_type=\"column\" data-e-type=\"column\">\n\t\t\t<div class=\"elementor-widget-wrap elementor-element-populated\">\n\t\t\t\t\t\t<div class=\"elementor-element elementor-element-02c580c content-align-cta-default elementor-widget elementor-widget-eael-cta-box\" data-id=\"02c580c\" data-element_type=\"widget\" data-e-type=\"widget\" data-widget_type=\"eael-cta-box.default\">\n\t\t\t\t\t\t\t<div class=\"eael-call-to-action cta-basic bg-lite cta-preset-1\">\n        <h4 class=\"sub-title\">Desarrollar habilidades de pensamiento cr\u00edtico en espa\u00f1ol.<\/h4><a class=\"cta-button cta-preset-1  \"><\/a>\t<\/div>\n\t\t\t\t\t\t\t\t<\/div>\n\t\t\t\t\t<\/div>\n\t\t<\/div>\n\t\t\t\t<div class=\"elementor-column elementor-col-25 elementor-top-column elementor-element elementor-element-2b73548\" data-id=\"2b73548\" data-element_type=\"column\" data-e-type=\"column\">\n\t\t\t<div class=\"elementor-widget-wrap elementor-element-populated\">\n\t\t\t\t\t\t<div class=\"elementor-element elementor-element-ba32d9d content-align-cta-default elementor-widget elementor-widget-eael-cta-box\" data-id=\"ba32d9d\" data-element_type=\"widget\" data-e-type=\"widget\" data-widget_type=\"eael-cta-box.default\">\n\t\t\t\t\t\t\t<div class=\"eael-call-to-action cta-basic bg-lite cta-preset-1\">\n        <h4 class=\"sub-title\">Mejorar su expresi\u00f3n escrita con un prop\u00f3sito aut\u00e9ntico.<\/h4><a class=\"cta-button cta-preset-1  \"><\/a>\t<\/div>\n\t\t\t\t\t\t\t\t<\/div>\n\t\t\t\t\t<\/div>\n\t\t<\/div>\n\t\t\t\t<div class=\"elementor-column elementor-col-25 elementor-top-column elementor-element elementor-element-47b8c1a\" data-id=\"47b8c1a\" data-element_type=\"column\" data-e-type=\"column\">\n\t\t\t<div class=\"elementor-widget-wrap elementor-element-populated\">\n\t\t\t\t\t\t<div class=\"elementor-element elementor-element-da56452 content-align-cta-default elementor-widget elementor-widget-eael-cta-box\" data-id=\"da56452\" data-element_type=\"widget\" data-e-type=\"widget\" data-widget_type=\"eael-cta-box.default\">\n\t\t\t\t\t\t\t<div class=\"eael-call-to-action cta-basic bg-lite cta-preset-1\">\n        <h4 class=\"sub-title\">Comprender la realidad espa\u00f1ola desde dentro.<\/h4><a class=\"cta-button cta-preset-1  \"><\/a>\t<\/div>\n\t\t\t\t\t\t\t\t<\/div>\n\t\t\t\t\t<\/div>\n\t\t<\/div>\n\t\t\t\t<div class=\"elementor-column elementor-col-25 elementor-top-column elementor-element elementor-element-1642562\" data-id=\"1642562\" data-element_type=\"column\" data-e-type=\"column\">\n\t\t\t<div class=\"elementor-widget-wrap elementor-element-populated\">\n\t\t\t\t\t\t<div class=\"elementor-element elementor-element-9c42a6a content-align-cta-default elementor-widget elementor-widget-eael-cta-box\" data-id=\"9c42a6a\" data-element_type=\"widget\" data-e-type=\"widget\" data-widget_type=\"eael-cta-box.default\">\n\t\t\t\t\t\t\t<div class=\"eael-call-to-action cta-basic bg-lite cta-preset-1\">\n        <h4 class=\"sub-title\">Construir un portafolio acad\u00e9mico y profesional con publicaciones reales.<\/h4><a class=\"cta-button cta-preset-1  \"><\/a>\t<\/div>\n\t\t\t\t\t\t\t\t<\/div>\n\t\t\t\t\t<\/div>\n\t\t<\/div>\n\t\t\t\t\t<\/div>\n\t\t<\/section>\n\t\t\t\t<section data-particle_enable=\"false\" data-particle-mobile-disabled=\"false\" class=\"elementor-section elementor-top-section elementor-element elementor-element-d9885e6 elementor-section-boxed elementor-section-height-default elementor-section-height-default\" data-id=\"d9885e6\" data-element_type=\"section\" data-e-type=\"section\">\n\t\t\t\t\t\t<div class=\"elementor-container elementor-column-gap-default\">\n\t\t\t\t\t<div class=\"elementor-column elementor-col-100 elementor-top-column elementor-element elementor-element-7d1de29\" data-id=\"7d1de29\" data-element_type=\"column\" data-e-type=\"column\">\n\t\t\t<div class=\"elementor-widget-wrap elementor-element-populated\">\n\t\t\t\t\t\t<div class=\"elementor-element elementor-element-8ec07e1 elementor-widget elementor-widget-text-editor\" data-id=\"8ec07e1\" data-element_type=\"widget\" data-e-type=\"widget\" data-widget_type=\"text-editor.default\">\n\t\t\t\t\t\t\t\t\t<p><span style=\"font-weight: 400;\">La colaboraci\u00f3n \u201cCon Acento\u201d aporta rigor, actualidad y proyecci\u00f3n. <\/span><span style=\"font-weight: 400;\">La experiencia en Spanish Institute aporta acompa\u00f1amiento acad\u00e9mico, reflexi\u00f3n cultural y profundidad. \u201cCon Acento\u201d aporta proyecci\u00f3n, actualidad y conexi\u00f3n con el entorno<\/span><span style=\"font-weight: 400;\">.<\/span><\/p>\n<p><span style=\"font-weight: 400;\">El resultado es algo m\u00e1s que una revista. <\/span><span style=\"font-weight: 400;\">Es un espacio de encuentro. <\/span><span style=\"font-weight: 400;\">Es una plataforma de voces j\u00f3venes con perspectiva global. <\/span><span style=\"font-weight: 400;\">Es una manera de aprender espa\u00f1ol participando activamente en la sociedad que lo habla.<\/span><\/p>\n<p><span style=\"font-weight: 400;\">Porque cuando el aprendizaje sale del aula y entra en el mundo real, ocurre algo poderoso: el idioma deja de ser un objetivo y se convierte en una herramienta para comprender, crear y transformar.<\/span><\/p>\n<p>&nbsp;<\/p>\n\t\t\t\t\t\t\t\t<\/div>\n\t\t\t\t\t<\/div>\n\t\t<\/div>\n\t\t\t\t\t<\/div>\n\t\t<\/section>\n\t\t\t\t<section data-particle_enable=\"false\" data-particle-mobile-disabled=\"false\" class=\"elementor-section elementor-top-section elementor-element elementor-element-15523e3 elementor-section-boxed elementor-section-height-default elementor-section-height-default\" data-id=\"15523e3\" data-element_type=\"section\" data-e-type=\"section\">\n\t\t\t\t\t\t<div class=\"elementor-container elementor-column-gap-default\">\n\t\t\t\t\t<div class=\"elementor-column elementor-col-100 elementor-top-column elementor-element elementor-element-9a804bb\" data-id=\"9a804bb\" data-element_type=\"column\" data-e-type=\"column\">\n\t\t\t<div class=\"elementor-widget-wrap elementor-element-populated\">\n\t\t\t\t\t\t<div class=\"elementor-element elementor-element-adc3331 elementor-widget elementor-widget-spacer\" data-id=\"adc3331\" data-element_type=\"widget\" data-e-type=\"widget\" data-widget_type=\"spacer.default\">\n\t\t\t\t\t\t\t<div class=\"elementor-spacer\">\n\t\t\t<div class=\"elementor-spacer-inner\"><\/div>\n\t\t<\/div>\n\t\t\t\t\t\t<\/div>\n\t\t\t\t\t<\/div>\n\t\t<\/div>\n\t\t\t\t\t<\/div>\n\t\t<\/section>\n\t\t\t\t<section data-particle_enable=\"false\" data-particle-mobile-disabled=\"false\" class=\"elementor-section elementor-top-section elementor-element elementor-element-cf1f55d elementor-section-boxed elementor-section-height-default elementor-section-height-default\" data-id=\"cf1f55d\" data-element_type=\"section\" data-e-type=\"section\" data-settings=\"{&quot;background_background&quot;:&quot;classic&quot;}\">\n\t\t\t\t\t\t<div class=\"elementor-container elementor-column-gap-default\">\n\t\t\t\t\t<div class=\"elementor-column elementor-col-100 elementor-top-column elementor-element elementor-element-0d31a39\" data-id=\"0d31a39\" data-element_type=\"column\" data-e-type=\"column\">\n\t\t\t<div class=\"elementor-widget-wrap elementor-element-populated\">\n\t\t\t\t\t\t<section data-particle_enable=\"false\" data-particle-mobile-disabled=\"false\" class=\"elementor-section elementor-inner-section elementor-element elementor-element-a3414a7 elementor-section-boxed elementor-section-height-default elementor-section-height-default\" data-id=\"a3414a7\" data-element_type=\"section\" data-e-type=\"section\">\n\t\t\t\t\t\t<div class=\"elementor-container elementor-column-gap-default\">\n\t\t\t\t\t<div class=\"elementor-column elementor-col-100 elementor-inner-column elementor-element elementor-element-fd7c177\" data-id=\"fd7c177\" data-element_type=\"column\" data-e-type=\"column\">\n\t\t\t<div class=\"elementor-widget-wrap elementor-element-populated\">\n\t\t\t\t\t\t<div class=\"elementor-element elementor-element-0b7dcd6 elementor-cta--layout-image-left elementor-cta--skin-classic elementor-animated-content elementor-bg-transform elementor-bg-transform-zoom-in elementor-widget elementor-widget-call-to-action\" data-id=\"0b7dcd6\" data-element_type=\"widget\" data-e-type=\"widget\" data-widget_type=\"call-to-action.default\">\n\t\t\t\t\t\t\t<a class=\"elementor-cta\" href=\"https:\/\/spanishinstitute.net\/es\/proyectos\/descarga-revista-con-acento\/\" target=\"_blank\">\n\t\t\t\t\t<div class=\"elementor-cta__bg-wrapper\">\n\t\t\t\t<div class=\"elementor-cta__bg elementor-bg\" style=\"background-image: url(https:\/\/spanishinstitute.net\/wp-content\/uploads\/2026\/03\/MAG03.png);\" role=\"img\" aria-label=\"MAG03.png\"><\/div>\n\t\t\t\t<div class=\"elementor-cta__bg-overlay\"><\/div>\n\t\t\t<\/div>\n\t\t\t\t\t\t\t<div class=\"elementor-cta__content\">\n\t\t\t\t\n\t\t\t\t\t\t\t\t\t<h2 class=\"elementor-cta__title elementor-cta__content-item elementor-content-item\">\n\t\t\t\t\t\tDescarga la revista gratis ahora\t\t\t\t\t<\/h2>\n\t\t\t\t\n\t\t\t\t\n\t\t\t\t\t\t\t\t\t<div class=\"elementor-cta__button-wrapper elementor-cta__content-item elementor-content-item \">\n\t\t\t\t\t<span class=\"elementor-cta__button elementor-button elementor-size-xs\">\n\t\t\t\t\t\tDescarga gratis\t\t\t\t\t<\/span>\n\t\t\t\t\t<\/div>\n\t\t\t\t\t\t\t<\/div>\n\t\t\t\t\t\t<\/a>\n\t\t\t\t\t\t<\/div>\n\t\t\t\t\t<\/div>\n\t\t<\/div>\n\t\t\t\t\t<\/div>\n\t\t<\/section>\n\t\t\t\t\t<\/div>\n\t\t<\/div>\n\t\t\t\t\t<\/div>\n\t\t<\/section>\n\t\t\t\t<\/div>\n\t\t","protected":false},"excerpt":{"rendered":"<p>Revista \u201cCon Acento\u201d: Un puente entre voces En Spanish Institute for Global Education creemos que aprender espa\u00f1ol no es solo estudiar una lengua, sino habitar una cultura, escuchar sus matices y participar en sus conversaciones reales. Por eso nace nuestro proyecto de revista colaborativa \u201cCon Acento\u201d: una experiencia acad\u00e9mica y profesional que transforma a nuestros [&hellip;]<\/p>\n","protected":false},"author":2,"featured_media":0,"parent":28140,"menu_order":0,"comment_status":"closed","ping_status":"closed","template":"","meta":{"footnotes":""},"class_list":["post-28148","page","type-page","status-publish","hentry"],"yoast_head":"<!-- This site is optimized with the Yoast SEO plugin v27.4 - https:\/\/yoast.com\/product\/yoast-seo-wordpress\/ -->\n<title>Revista &quot;Con Acento&quot;<\/title>\n<meta name=\"description\" content=\"Si te encanta viajar y conocer otras culturas, nuestro programa para adultos ofrece la oportunidad perfecta para experimentar el estilo de vida sevillano. \u00a1Descubre m\u00e1s!\" \/>\n<meta name=\"robots\" content=\"index, follow, max-snippet:-1, max-image-preview:large, max-video-preview:-1\" \/>\n<link rel=\"canonical\" href=\"https:\/\/spanishinstitute.net\/projects\/con-acento\/\" \/>\n<meta property=\"og:locale\" content=\"es_ES\" \/>\n<meta property=\"og:type\" content=\"article\" \/>\n<meta property=\"og:title\" content=\"Revista &quot;Con Acento&quot;\" \/>\n<meta property=\"og:description\" content=\"Si te encanta viajar y conocer otras culturas, nuestro programa para adultos ofrece la oportunidad perfecta para experimentar el estilo de vida sevillano. \u00a1Descubre m\u00e1s!\" \/>\n<meta property=\"og:url\" content=\"https:\/\/spanishinstitute.net\/projects\/con-acento\/\" \/>\n<meta property=\"og:site_name\" content=\"Spanish Institute for Global Education\" \/>\n<meta property=\"article:publisher\" content=\"https:\/\/www.facebook.com\/sigecampus\/\" \/>\n<meta property=\"article:modified_time\" content=\"2026-03-13T13:43:06+00:00\" \/>\n<meta name=\"twitter:card\" content=\"summary_large_image\" \/>\n<meta name=\"twitter:site\" content=\"@sigecampus\" \/>\n<meta name=\"twitter:label1\" content=\"Tiempo de lectura\" \/>\n\t<meta name=\"twitter:data1\" content=\"1 minuto\" \/>\n<script type=\"application\/ld+json\" class=\"yoast-schema-graph\">{\"@context\":\"https:\\\/\\\/schema.org\",\"@graph\":[{\"@type\":\"WebPage\",\"@id\":\"https:\\\/\\\/spanishinstitute.net\\\/projects\\\/con-acento\\\/\",\"url\":\"https:\\\/\\\/spanishinstitute.net\\\/projects\\\/con-acento\\\/\",\"name\":\"Revista \\\"Con Acento\\\"\",\"isPartOf\":{\"@id\":\"https:\\\/\\\/spanishinstitute.net\\\/#website\"},\"datePublished\":\"2026-03-10T11:52:31+00:00\",\"dateModified\":\"2026-03-13T13:43:06+00:00\",\"description\":\"Si te encanta viajar y conocer otras culturas, nuestro programa para adultos ofrece la oportunidad perfecta para experimentar el estilo de vida sevillano. \u00a1Descubre m\u00e1s!\",\"breadcrumb\":{\"@id\":\"https:\\\/\\\/spanishinstitute.net\\\/projects\\\/con-acento\\\/#breadcrumb\"},\"inLanguage\":\"es\",\"potentialAction\":[{\"@type\":\"ReadAction\",\"target\":[\"https:\\\/\\\/spanishinstitute.net\\\/projects\\\/con-acento\\\/\"]}]},{\"@type\":\"BreadcrumbList\",\"@id\":\"https:\\\/\\\/spanishinstitute.net\\\/projects\\\/con-acento\\\/#breadcrumb\",\"itemListElement\":[{\"@type\":\"ListItem\",\"position\":1,\"name\":\"Portada\",\"item\":\"https:\\\/\\\/spanishinstitute.net\\\/\"},{\"@type\":\"ListItem\",\"position\":2,\"name\":\"Proyectos\",\"item\":\"https:\\\/\\\/spanishinstitute.net\\\/proyectos\\\/\"},{\"@type\":\"ListItem\",\"position\":3,\"name\":\"Revista &#8220;Con Acento&#8221;\"}]},{\"@type\":\"WebSite\",\"@id\":\"https:\\\/\\\/spanishinstitute.net\\\/#website\",\"url\":\"https:\\\/\\\/spanishinstitute.net\\\/\",\"name\":\"Spanish Institute for Global Education\",\"description\":\"Learn Spanish With Us\",\"publisher\":{\"@id\":\"https:\\\/\\\/spanishinstitute.net\\\/#organization\"},\"potentialAction\":[{\"@type\":\"SearchAction\",\"target\":{\"@type\":\"EntryPoint\",\"urlTemplate\":\"https:\\\/\\\/spanishinstitute.net\\\/?s={search_term_string}\"},\"query-input\":{\"@type\":\"PropertyValueSpecification\",\"valueRequired\":true,\"valueName\":\"search_term_string\"}}],\"inLanguage\":\"es\"},{\"@type\":\"Organization\",\"@id\":\"https:\\\/\\\/spanishinstitute.net\\\/#organization\",\"name\":\"Spanish Institute for Global Education\",\"url\":\"https:\\\/\\\/spanishinstitute.net\\\/\",\"logo\":{\"@type\":\"ImageObject\",\"inLanguage\":\"es\",\"@id\":\"https:\\\/\\\/spanishinstitute.net\\\/#\\\/schema\\\/logo\\\/image\\\/\",\"url\":\"https:\\\/\\\/spanishinstitute.net\\\/wp-content\\\/uploads\\\/2025\\\/04\\\/perfil.jpg\",\"contentUrl\":\"https:\\\/\\\/spanishinstitute.net\\\/wp-content\\\/uploads\\\/2025\\\/04\\\/perfil.jpg\",\"width\":400,\"height\":400,\"caption\":\"Spanish Institute for Global Education\"},\"image\":{\"@id\":\"https:\\\/\\\/spanishinstitute.net\\\/#\\\/schema\\\/logo\\\/image\\\/\"},\"sameAs\":[\"https:\\\/\\\/www.facebook.com\\\/sigecampus\\\/\",\"https:\\\/\\\/x.com\\\/sigecampus\",\"https:\\\/\\\/www.instagram.com\\\/spanishinstitute_sevilla\\\/\",\"https:\\\/\\\/es.linkedin.com\\\/company\\\/sige-campus\",\"https:\\\/\\\/www.pinterest.com\\\/SIGECampus\",\"https:\\\/\\\/youtube.com\\\/channel\\\/UCLF_zErkuz-ib2EDQlDLR_A\"]}]}<\/script>\n<!-- \/ Yoast SEO plugin. -->","yoast_head_json":{"title":"Revista \"Con Acento\"","description":"Si te encanta viajar y conocer otras culturas, nuestro programa para adultos ofrece la oportunidad perfecta para experimentar el estilo de vida sevillano. \u00a1Descubre m\u00e1s!","robots":{"index":"index","follow":"follow","max-snippet":"max-snippet:-1","max-image-preview":"max-image-preview:large","max-video-preview":"max-video-preview:-1"},"canonical":"https:\/\/spanishinstitute.net\/projects\/con-acento\/","og_locale":"es_ES","og_type":"article","og_title":"Revista \"Con Acento\"","og_description":"Si te encanta viajar y conocer otras culturas, nuestro programa para adultos ofrece la oportunidad perfecta para experimentar el estilo de vida sevillano. \u00a1Descubre m\u00e1s!","og_url":"https:\/\/spanishinstitute.net\/projects\/con-acento\/","og_site_name":"Spanish Institute for Global Education","article_publisher":"https:\/\/www.facebook.com\/sigecampus\/","article_modified_time":"2026-03-13T13:43:06+00:00","twitter_card":"summary_large_image","twitter_site":"@sigecampus","twitter_misc":{"Tiempo de lectura":"1 minuto"},"schema":{"@context":"https:\/\/schema.org","@graph":[{"@type":"WebPage","@id":"https:\/\/spanishinstitute.net\/projects\/con-acento\/","url":"https:\/\/spanishinstitute.net\/projects\/con-acento\/","name":"Revista \"Con Acento\"","isPartOf":{"@id":"https:\/\/spanishinstitute.net\/#website"},"datePublished":"2026-03-10T11:52:31+00:00","dateModified":"2026-03-13T13:43:06+00:00","description":"Si te encanta viajar y conocer otras culturas, nuestro programa para adultos ofrece la oportunidad perfecta para experimentar el estilo de vida sevillano. \u00a1Descubre m\u00e1s!","breadcrumb":{"@id":"https:\/\/spanishinstitute.net\/projects\/con-acento\/#breadcrumb"},"inLanguage":"es","potentialAction":[{"@type":"ReadAction","target":["https:\/\/spanishinstitute.net\/projects\/con-acento\/"]}]},{"@type":"BreadcrumbList","@id":"https:\/\/spanishinstitute.net\/projects\/con-acento\/#breadcrumb","itemListElement":[{"@type":"ListItem","position":1,"name":"Portada","item":"https:\/\/spanishinstitute.net\/"},{"@type":"ListItem","position":2,"name":"Proyectos","item":"https:\/\/spanishinstitute.net\/proyectos\/"},{"@type":"ListItem","position":3,"name":"Revista &#8220;Con Acento&#8221;"}]},{"@type":"WebSite","@id":"https:\/\/spanishinstitute.net\/#website","url":"https:\/\/spanishinstitute.net\/","name":"Spanish Institute for Global Education","description":"Learn Spanish With Us","publisher":{"@id":"https:\/\/spanishinstitute.net\/#organization"},"potentialAction":[{"@type":"SearchAction","target":{"@type":"EntryPoint","urlTemplate":"https:\/\/spanishinstitute.net\/?s={search_term_string}"},"query-input":{"@type":"PropertyValueSpecification","valueRequired":true,"valueName":"search_term_string"}}],"inLanguage":"es"},{"@type":"Organization","@id":"https:\/\/spanishinstitute.net\/#organization","name":"Spanish Institute for Global Education","url":"https:\/\/spanishinstitute.net\/","logo":{"@type":"ImageObject","inLanguage":"es","@id":"https:\/\/spanishinstitute.net\/#\/schema\/logo\/image\/","url":"https:\/\/spanishinstitute.net\/wp-content\/uploads\/2025\/04\/perfil.jpg","contentUrl":"https:\/\/spanishinstitute.net\/wp-content\/uploads\/2025\/04\/perfil.jpg","width":400,"height":400,"caption":"Spanish Institute for Global Education"},"image":{"@id":"https:\/\/spanishinstitute.net\/#\/schema\/logo\/image\/"},"sameAs":["https:\/\/www.facebook.com\/sigecampus\/","https:\/\/x.com\/sigecampus","https:\/\/www.instagram.com\/spanishinstitute_sevilla\/","https:\/\/es.linkedin.com\/company\/sige-campus","https:\/\/www.pinterest.com\/SIGECampus","https:\/\/youtube.com\/channel\/UCLF_zErkuz-ib2EDQlDLR_A"]}]}},"jetpack_sharing_enabled":true,"_links":{"self":[{"href":"https:\/\/spanishinstitute.net\/es\/wp-json\/wp\/v2\/pages\/28148","targetHints":{"allow":["GET"]}}],"collection":[{"href":"https:\/\/spanishinstitute.net\/es\/wp-json\/wp\/v2\/pages"}],"about":[{"href":"https:\/\/spanishinstitute.net\/es\/wp-json\/wp\/v2\/types\/page"}],"author":[{"embeddable":true,"href":"https:\/\/spanishinstitute.net\/es\/wp-json\/wp\/v2\/users\/2"}],"replies":[{"embeddable":true,"href":"https:\/\/spanishinstitute.net\/es\/wp-json\/wp\/v2\/comments?post=28148"}],"version-history":[{"count":2,"href":"https:\/\/spanishinstitute.net\/es\/wp-json\/wp\/v2\/pages\/28148\/revisions"}],"predecessor-version":[{"id":28168,"href":"https:\/\/spanishinstitute.net\/es\/wp-json\/wp\/v2\/pages\/28148\/revisions\/28168"}],"up":[{"embeddable":true,"href":"https:\/\/spanishinstitute.net\/es\/wp-json\/wp\/v2\/pages\/28140"}],"wp:attachment":[{"href":"https:\/\/spanishinstitute.net\/es\/wp-json\/wp\/v2\/media?parent=28148"}],"curies":[{"name":"wp","href":"https:\/\/api.w.org\/{rel}","templated":true}]}}